{"id":2736,"date":"2021-03-08T02:08:02","date_gmt":"2021-03-08T01:08:02","guid":{"rendered":"https:\/\/mytraveljournal-blog.com\/?page_id=2736"},"modified":"2024-05-22T22:56:14","modified_gmt":"2024-05-22T20:56:14","slug":"japan","status":"publish","type":"page","link":"https:\/\/mytraveljournal-blog.com\/de\/japan\/","title":{"rendered":"Japan"},"content":{"rendered":"\n<p><\/p>\n\n\n\n<p><\/p>\n\n\n\n<h4 class=\"wp-block-heading\"><strong>All posts from the category &#8218;Japan&#8216;:<\/strong><\/h4>\n\n\n\n<hr class=\"wp-block-separator has-css-opacity\"\/>\n\n\n\n<h6 class=\"wp-block-heading\"><strong><a href=\"https:\/\/mytraveljournal-blog.com\/animal-cafes-asia\/\"><span style=\"text-decoration: underline;\">Cuddling cats and dogs in Asian caf\u00e9s<\/span><\/a><\/strong><\/h6>\n\n\n<div class=\"wp-block-image is-style-rounded\">\n<figure class=\"alignright size-thumbnail\"><img data-recalc-dims=\"1\" decoding=\"async\" width=\"150\" height=\"150\" data-attachment-id=\"4012\" data-permalink=\"https:\/\/mytraveljournal-blog.com\/de\/animal-cafes-asia\/dscn6251\/\" data-orig-file=\"https:\/\/i0.wp.com\/mytraveljournal-blog.com\/wp-content\/uploads\/2022\/11\/DSCN6251-scaled.jpg?fit=2560%2C1920&amp;ssl=1\" data-orig-size=\"2560,1920\" data-comments-opened=\"1\" data-image-meta=\"{&quot;aperture&quot;:&quot;4.5&quot;,&quot;credit&quot;:&quot;&quot;,&quot;camera&quot;:&quot;COOLPIX P80&quot;,&quot;caption&quot;:&quot;&quot;,&quot;created_timestamp&quot;:&quot;0&quot;,&quot;copyright&quot;:&quot;&quot;,&quot;focal_length&quot;:&quot;25&quot;,&quot;iso&quot;:&quot;800&quot;,&quot;shutter_speed&quot;:&quot;0.0111111111111&quot;,&quot;title&quot;:&quot;&quot;,&quot;orientation&quot;:&quot;0&quot;}\" data-image-title=\"Cat in a cat caf\u00e9 in Asia\" data-image-description=\"\" data-image-caption=\"\" data-medium-file=\"https:\/\/i0.wp.com\/mytraveljournal-blog.com\/wp-content\/uploads\/2022\/11\/DSCN6251-scaled.jpg?fit=300%2C225&amp;ssl=1\" data-large-file=\"https:\/\/i0.wp.com\/mytraveljournal-blog.com\/wp-content\/uploads\/2022\/11\/DSCN6251-scaled.jpg?fit=525%2C394&amp;ssl=1\" data-src=\"https:\/\/i0.wp.com\/mytraveljournal-blog.com\/wp-content\/uploads\/2022\/11\/DSCN6251.jpg?resize=150%2C150&#038;ssl=1\" alt=\"Cat in a cat caf\u00e9 in Asia\" class=\"wp-image-4012 lazyload\" data-srcset=\"https:\/\/i0.wp.com\/mytraveljournal-blog.com\/wp-content\/uploads\/2022\/11\/DSCN6251-scaled.jpg?resize=150%2C150&amp;ssl=1 150w, https:\/\/i0.wp.com\/mytraveljournal-blog.com\/wp-content\/uploads\/2022\/11\/DSCN6251-scaled.jpg?resize=100%2C100&amp;ssl=1 100w, https:\/\/i0.wp.com\/mytraveljournal-blog.com\/wp-content\/uploads\/2022\/11\/DSCN6251-scaled.jpg?zoom=2&amp;resize=150%2C150&amp;ssl=1 300w, https:\/\/i0.wp.com\/mytraveljournal-blog.com\/wp-content\/uploads\/2022\/11\/DSCN6251-scaled.jpg?zoom=3&amp;resize=150%2C150&amp;ssl=1 450w\" data-sizes=\"(max-width: 150px) 100vw, 150px\" src=\"data:image\/gif;base64,R0lGODlhAQABAAAAACH5BAEKAAEALAAAAAABAAEAAAICTAEAOw==\" style=\"--smush-placeholder-width: 150px; --smush-placeholder-aspect-ratio: 150\/150;\" \/><\/figure><\/div>\n\n\n<p><em>How is it to visit an animal caf\u00e9 in Asia? Are the animals&nbsp;<strong>well treated<\/strong>,&nbsp;<strong>what kind of animal caf\u00e9s exist<\/strong>, and&nbsp;<strong>how does a visit work<\/strong>? I took a look and tested different caf\u00e9s in&nbsp;<strong>South Korea and Japan<\/strong><\/em>.<\/p>\n\n\n\n<p><\/p>\n\n\n\n<p><\/p>\n\n\n\n<hr class=\"wp-block-separator has-alpha-channel-opacity\"\/>\n\n\n\n<p><a href=\"https:\/\/mytraveljournal-blog.com\/akihabara\/\"><strong><span style=\"text-decoration: underline;\">Between mangas and sex-shops in Akihabara<\/span><\/strong><\/a><\/p>\n\n\n<div class=\"wp-block-image is-style-rounded\">\n<figure class=\"alignleft size-thumbnail\"><img data-recalc-dims=\"1\" decoding=\"async\" width=\"150\" height=\"150\" data-attachment-id=\"2576\" data-permalink=\"https:\/\/mytraveljournal-blog.com\/de\/akihabara\/dscn6118\/\" data-orig-file=\"https:\/\/i0.wp.com\/mytraveljournal-blog.com\/wp-content\/uploads\/2021\/02\/DSCN6118-scaled.jpg?fit=2560%2C1920&amp;ssl=1\" data-orig-size=\"2560,1920\" data-comments-opened=\"1\" data-image-meta=\"{&quot;aperture&quot;:&quot;5&quot;,&quot;credit&quot;:&quot;&quot;,&quot;camera&quot;:&quot;COOLPIX P80&quot;,&quot;caption&quot;:&quot;&quot;,&quot;created_timestamp&quot;:&quot;1478935463&quot;,&quot;copyright&quot;:&quot;&quot;,&quot;focal_length&quot;:&quot;4.7&quot;,&quot;iso&quot;:&quot;64&quot;,&quot;shutter_speed&quot;:&quot;0.00708717221828&quot;,&quot;title&quot;:&quot;&quot;,&quot;orientation&quot;:&quot;1&quot;}\" data-image-title=\"DSCN6118\" data-image-description=\"\" data-image-caption=\"\" data-medium-file=\"https:\/\/i0.wp.com\/mytraveljournal-blog.com\/wp-content\/uploads\/2021\/02\/DSCN6118-scaled.jpg?fit=300%2C225&amp;ssl=1\" data-large-file=\"https:\/\/i0.wp.com\/mytraveljournal-blog.com\/wp-content\/uploads\/2021\/02\/DSCN6118-scaled.jpg?fit=525%2C394&amp;ssl=1\" data-src=\"https:\/\/i0.wp.com\/mytraveljournal-blog.com\/wp-content\/uploads\/2021\/02\/DSCN6118.jpg?resize=150%2C150&#038;ssl=1\" alt=\"\" class=\"wp-image-2576 lazyload\" data-srcset=\"https:\/\/i0.wp.com\/mytraveljournal-blog.com\/wp-content\/uploads\/2021\/02\/DSCN6118-scaled.jpg?resize=150%2C150&amp;ssl=1 150w, https:\/\/i0.wp.com\/mytraveljournal-blog.com\/wp-content\/uploads\/2021\/02\/DSCN6118-scaled.jpg?resize=100%2C100&amp;ssl=1 100w, https:\/\/i0.wp.com\/mytraveljournal-blog.com\/wp-content\/uploads\/2021\/02\/DSCN6118-scaled.jpg?zoom=2&amp;resize=150%2C150&amp;ssl=1 300w, https:\/\/i0.wp.com\/mytraveljournal-blog.com\/wp-content\/uploads\/2021\/02\/DSCN6118-scaled.jpg?zoom=3&amp;resize=150%2C150&amp;ssl=1 450w\" data-sizes=\"(max-width: 150px) 100vw, 150px\" src=\"data:image\/gif;base64,R0lGODlhAQABAAAAACH5BAEKAAEALAAAAAABAAEAAAICTAEAOw==\" style=\"--smush-placeholder-width: 150px; --smush-placeholder-aspect-ratio: 150\/150;\" \/><\/figure><\/div>\n\n\n<p><em>Akihabara probably sums up what people imagine when they talk about modern and crazy Japanese pop culture. If I think back I remember dolls, toys, cosplay, lots of vending machines, sex-shops, video games, maid caf\u00e9s, electronic goods, anime and of course mangas. This time I will bring you with me and show you this very unique neighbourhood in Tokyo.<\/em><\/p>\n\n\n\n<hr class=\"wp-block-separator has-css-opacity\"\/>\n\n\n\n<p><a href=\"https:\/\/mytraveljournal-blog.com\/222-days-of-asia\/\"><strong><span style=\"text-decoration: underline;\">222 Days of Asia \u2013 backpacking &amp; culture shock in 13 countries<\/span><\/strong><\/a><\/p>\n\n\n<div class=\"wp-block-image is-style-rounded\">\n<figure class=\"alignright size-thumbnail\"><img data-recalc-dims=\"1\" decoding=\"async\" width=\"150\" height=\"150\" data-attachment-id=\"3611\" data-permalink=\"https:\/\/mytraveljournal-blog.com\/de\/222-days-of-asia\/dscn5979\/\" data-orig-file=\"https:\/\/i0.wp.com\/mytraveljournal-blog.com\/wp-content\/uploads\/2017\/05\/DSCN5979-scaled.jpg?fit=2560%2C1920&amp;ssl=1\" data-orig-size=\"2560,1920\" data-comments-opened=\"1\" data-image-meta=\"{&quot;aperture&quot;:&quot;6.3&quot;,&quot;credit&quot;:&quot;&quot;,&quot;camera&quot;:&quot;COOLPIX P80&quot;,&quot;caption&quot;:&quot;&quot;,&quot;created_timestamp&quot;:&quot;0&quot;,&quot;copyright&quot;:&quot;&quot;,&quot;focal_length&quot;:&quot;4.7&quot;,&quot;iso&quot;:&quot;64&quot;,&quot;shutter_speed&quot;:&quot;0.00454545454545&quot;,&quot;title&quot;:&quot;&quot;,&quot;orientation&quot;:&quot;0&quot;}\" data-image-title=\"Cherry blossom trees in a king&#8217;s palace in Korea\" data-image-description=\"\" data-image-caption=\"\" data-medium-file=\"https:\/\/i0.wp.com\/mytraveljournal-blog.com\/wp-content\/uploads\/2017\/05\/DSCN5979-scaled.jpg?fit=300%2C225&amp;ssl=1\" data-large-file=\"https:\/\/i0.wp.com\/mytraveljournal-blog.com\/wp-content\/uploads\/2017\/05\/DSCN5979-scaled.jpg?fit=525%2C394&amp;ssl=1\" data-src=\"https:\/\/i0.wp.com\/mytraveljournal-blog.com\/wp-content\/uploads\/2017\/05\/DSCN5979.jpg?resize=150%2C150&#038;ssl=1\" alt=\"Cherry blossom trees in a king's palace in Korea\" class=\"wp-image-3611 lazyload\" data-srcset=\"https:\/\/i0.wp.com\/mytraveljournal-blog.com\/wp-content\/uploads\/2017\/05\/DSCN5979-scaled.jpg?resize=150%2C150&amp;ssl=1 150w, https:\/\/i0.wp.com\/mytraveljournal-blog.com\/wp-content\/uploads\/2017\/05\/DSCN5979-scaled.jpg?resize=100%2C100&amp;ssl=1 100w, https:\/\/i0.wp.com\/mytraveljournal-blog.com\/wp-content\/uploads\/2017\/05\/DSCN5979-scaled.jpg?zoom=2&amp;resize=150%2C150&amp;ssl=1 300w, https:\/\/i0.wp.com\/mytraveljournal-blog.com\/wp-content\/uploads\/2017\/05\/DSCN5979-scaled.jpg?zoom=3&amp;resize=150%2C150&amp;ssl=1 450w\" data-sizes=\"(max-width: 150px) 100vw, 150px\" src=\"data:image\/gif;base64,R0lGODlhAQABAAAAACH5BAEKAAEALAAAAAABAAEAAAICTAEAOw==\" style=\"--smush-placeholder-width: 150px; --smush-placeholder-aspect-ratio: 150\/150;\" \/><\/figure><\/div>\n\n\n<p><em>In&nbsp;<strong>222 days<\/strong>&nbsp;I travelled to<strong>&nbsp;13 different countries<\/strong>. It all started with my&nbsp;<strong>exchange semester in Seoul&nbsp;<\/strong>at the end of August 2016. Afterwards, I went from&nbsp;<strong>Beijing to Bali&nbsp;<\/strong>and ended with a stop-over in the United Arab Emirates. During my travels I learned a lot about&nbsp;<strong>backpacking<\/strong>,&nbsp;<strong>other cultures<\/strong>, living on a&nbsp;<strong>budget<\/strong>, and finding&nbsp;<strong>new friends<\/strong>.<\/em><\/p>\n\n\n\n<hr class=\"wp-block-separator has-css-opacity\"\/>\n\n\n\n<p><\/p>\n","protected":false},"excerpt":{"rendered":"<p>All posts from the category &#8218;Japan&#8216;: Cuddling cats and dogs in Asian caf\u00e9s How is it to visit an animal caf\u00e9 in Asia? Are the animals&nbsp;well treated,&nbsp;what kind of animal caf\u00e9s exist, and&nbsp;how does a visit work? I took a look and tested different caf\u00e9s in&nbsp;South Korea and Japan. Between mangas and sex-shops in Akihabara &hellip; <\/p>\n<p class=\"link-more\"><a href=\"https:\/\/mytraveljournal-blog.com\/de\/japan\/\" class=\"more-link\"><span class=\"screen-reader-text\">\u201eJapan\u201c<\/span> weiterlesen<\/a><\/p>\n","protected":false},"author":1,"featured_media":2742,"parent":0,"menu_order":0,"comment_status":"closed","ping_status":"closed","template":"","meta":{"_monsterinsights_skip_tracking":false,"_monsterinsights_sitenote_active":false,"_monsterinsights_sitenote_note":"","_monsterinsights_sitenote_category":0,"jetpack_post_was_ever_published":false,"footnotes":""},"class_list":["post-2736","page","type-page","status-publish","has-post-thumbnail","hentry"],"yoast_head":"<!-- This site is optimized with the Yoast SEO plugin v25.3 - https:\/\/yoast.com\/wordpress\/plugins\/seo\/ -->\n<title>Japan | My Travel Journal-Blog<\/title>\n<meta name=\"description\" content=\"All articles from the category &#039;Japan&#039;\" \/>\n<meta name=\"robots\" content=\"index, follow, max-snippet:-1, max-image-preview:large, max-video-preview:-1\" \/>\n<link rel=\"canonical\" href=\"https:\/\/mytraveljournal-blog.com\/japan\/\" \/>\n<meta property=\"og:locale\" content=\"de_DE\" \/>\n<meta property=\"og:type\" content=\"article\" \/>\n<meta property=\"og:title\" content=\"Japan | My Travel Journal-Blog\" \/>\n<meta property=\"og:description\" content=\"All articles from the category &#039;Japan&#039;\" \/>\n<meta property=\"og:url\" content=\"https:\/\/mytraveljournal-blog.com\/japan\/\" \/>\n<meta property=\"og:site_name\" content=\"My Travel Journal-Blog\" \/>\n<meta property=\"article:publisher\" content=\"https:\/\/www.facebook.com\/mytraveljournalblog\/\" \/>\n<meta property=\"article:modified_time\" content=\"2024-05-22T20:56:14+00:00\" \/>\n<meta property=\"og:image\" content=\"https:\/\/mytraveljournal-blog.com\/wp-content\/uploads\/2021\/03\/DSCN5943-scaled.jpg\" \/>\n\t<meta property=\"og:image:width\" content=\"2560\" \/>\n\t<meta property=\"og:image:height\" content=\"1920\" \/>\n\t<meta property=\"og:image:type\" content=\"image\/jpeg\" \/>\n<meta name=\"twitter:card\" content=\"summary_large_image\" \/>\n<meta name=\"twitter:label1\" content=\"Gesch\u00e4tzte Lesezeit\" \/>\n\t<meta name=\"twitter:data1\" content=\"2\u00a0Minuten\" \/>\n<script type=\"application\/ld+json\" class=\"yoast-schema-graph\">{\"@context\":\"https:\/\/schema.org\",\"@graph\":[{\"@type\":\"WebPage\",\"@id\":\"https:\/\/mytraveljournal-blog.com\/japan\/\",\"url\":\"https:\/\/mytraveljournal-blog.com\/japan\/\",\"name\":\"Japan | My Travel Journal-Blog\",\"isPartOf\":{\"@id\":\"https:\/\/mytraveljournal-blog.com\/#website\"},\"primaryImageOfPage\":{\"@id\":\"https:\/\/mytraveljournal-blog.com\/japan\/#primaryimage\"},\"image\":{\"@id\":\"https:\/\/mytraveljournal-blog.com\/japan\/#primaryimage\"},\"thumbnailUrl\":\"https:\/\/i0.wp.com\/mytraveljournal-blog.com\/wp-content\/uploads\/2021\/03\/DSCN5943-scaled.jpg?fit=2560%2C1920&ssl=1\",\"datePublished\":\"2021-03-08T01:08:02+00:00\",\"dateModified\":\"2024-05-22T20:56:14+00:00\",\"description\":\"All articles from the category 'Japan'\",\"breadcrumb\":{\"@id\":\"https:\/\/mytraveljournal-blog.com\/japan\/#breadcrumb\"},\"inLanguage\":\"de\",\"potentialAction\":[{\"@type\":\"ReadAction\",\"target\":[\"https:\/\/mytraveljournal-blog.com\/japan\/\"]}]},{\"@type\":\"ImageObject\",\"inLanguage\":\"de\",\"@id\":\"https:\/\/mytraveljournal-blog.com\/japan\/#primaryimage\",\"url\":\"https:\/\/i0.wp.com\/mytraveljournal-blog.com\/wp-content\/uploads\/2021\/03\/DSCN5943-scaled.jpg?fit=2560%2C1920&ssl=1\",\"contentUrl\":\"https:\/\/i0.wp.com\/mytraveljournal-blog.com\/wp-content\/uploads\/2021\/03\/DSCN5943-scaled.jpg?fit=2560%2C1920&ssl=1\",\"width\":2560,\"height\":1920},{\"@type\":\"BreadcrumbList\",\"@id\":\"https:\/\/mytraveljournal-blog.com\/japan\/#breadcrumb\",\"itemListElement\":[{\"@type\":\"ListItem\",\"position\":1,\"name\":\"Startseite\",\"item\":\"https:\/\/mytraveljournal-blog.com\/\"},{\"@type\":\"ListItem\",\"position\":2,\"name\":\"Japan\"}]},{\"@type\":\"WebSite\",\"@id\":\"https:\/\/mytraveljournal-blog.com\/#website\",\"url\":\"https:\/\/mytraveljournal-blog.com\/\",\"name\":\"My Travel Journal-Blog\",\"description\":\"\",\"publisher\":{\"@id\":\"https:\/\/mytraveljournal-blog.com\/#organization\"},\"potentialAction\":[{\"@type\":\"SearchAction\",\"target\":{\"@type\":\"EntryPoint\",\"urlTemplate\":\"https:\/\/mytraveljournal-blog.com\/?s={search_term_string}\"},\"query-input\":{\"@type\":\"PropertyValueSpecification\",\"valueRequired\":true,\"valueName\":\"search_term_string\"}}],\"inLanguage\":\"de\"},{\"@type\":\"Organization\",\"@id\":\"https:\/\/mytraveljournal-blog.com\/#organization\",\"name\":\"My Travel Journal-Blog\",\"url\":\"https:\/\/mytraveljournal-blog.com\/\",\"logo\":{\"@type\":\"ImageObject\",\"inLanguage\":\"de\",\"@id\":\"https:\/\/mytraveljournal-blog.com\/#\/schema\/logo\/image\/\",\"url\":\"https:\/\/mytraveljournal-blog.com\/wp-content\/uploads\/2016\/09\/cropped-papierflieger_faviconblau.bmp\",\"contentUrl\":\"https:\/\/mytraveljournal-blog.com\/wp-content\/uploads\/2016\/09\/cropped-papierflieger_faviconblau.bmp\",\"width\":512,\"height\":512,\"caption\":\"My Travel Journal-Blog\"},\"image\":{\"@id\":\"https:\/\/mytraveljournal-blog.com\/#\/schema\/logo\/image\/\"},\"sameAs\":[\"https:\/\/www.facebook.com\/mytraveljournalblog\/\",\"https:\/\/www.instagram.com\/mytraveljournalblog\/\",\"https:\/\/www.pinterest.de\/mytraveljournalblog\/_saved\/\",\"https:\/\/www.youtube.com\/channel\/UCKR8RQw_YtfmHaK3YEiLJwA\"]}]}<\/script>\n<!-- \/ Yoast SEO plugin. -->","yoast_head_json":{"title":"Japan | My Travel Journal-Blog","description":"All articles from the category 'Japan'","robots":{"index":"index","follow":"follow","max-snippet":"max-snippet:-1","max-image-preview":"max-image-preview:large","max-video-preview":"max-video-preview:-1"},"canonical":"https:\/\/mytraveljournal-blog.com\/japan\/","og_locale":"de_DE","og_type":"article","og_title":"Japan | My Travel Journal-Blog","og_description":"All articles from the category 'Japan'","og_url":"https:\/\/mytraveljournal-blog.com\/japan\/","og_site_name":"My Travel Journal-Blog","article_publisher":"https:\/\/www.facebook.com\/mytraveljournalblog\/","article_modified_time":"2024-05-22T20:56:14+00:00","og_image":[{"width":2560,"height":1920,"url":"https:\/\/mytraveljournal-blog.com\/wp-content\/uploads\/2021\/03\/DSCN5943-scaled.jpg","type":"image\/jpeg"}],"twitter_card":"summary_large_image","twitter_misc":{"Gesch\u00e4tzte Lesezeit":"2\u00a0Minuten"},"schema":{"@context":"https:\/\/schema.org","@graph":[{"@type":"WebPage","@id":"https:\/\/mytraveljournal-blog.com\/japan\/","url":"https:\/\/mytraveljournal-blog.com\/japan\/","name":"Japan | My Travel Journal-Blog","isPartOf":{"@id":"https:\/\/mytraveljournal-blog.com\/#website"},"primaryImageOfPage":{"@id":"https:\/\/mytraveljournal-blog.com\/japan\/#primaryimage"},"image":{"@id":"https:\/\/mytraveljournal-blog.com\/japan\/#primaryimage"},"thumbnailUrl":"https:\/\/i0.wp.com\/mytraveljournal-blog.com\/wp-content\/uploads\/2021\/03\/DSCN5943-scaled.jpg?fit=2560%2C1920&ssl=1","datePublished":"2021-03-08T01:08:02+00:00","dateModified":"2024-05-22T20:56:14+00:00","description":"All articles from the category 'Japan'","breadcrumb":{"@id":"https:\/\/mytraveljournal-blog.com\/japan\/#breadcrumb"},"inLanguage":"de","potentialAction":[{"@type":"ReadAction","target":["https:\/\/mytraveljournal-blog.com\/japan\/"]}]},{"@type":"ImageObject","inLanguage":"de","@id":"https:\/\/mytraveljournal-blog.com\/japan\/#primaryimage","url":"https:\/\/i0.wp.com\/mytraveljournal-blog.com\/wp-content\/uploads\/2021\/03\/DSCN5943-scaled.jpg?fit=2560%2C1920&ssl=1","contentUrl":"https:\/\/i0.wp.com\/mytraveljournal-blog.com\/wp-content\/uploads\/2021\/03\/DSCN5943-scaled.jpg?fit=2560%2C1920&ssl=1","width":2560,"height":1920},{"@type":"BreadcrumbList","@id":"https:\/\/mytraveljournal-blog.com\/japan\/#breadcrumb","itemListElement":[{"@type":"ListItem","position":1,"name":"Startseite","item":"https:\/\/mytraveljournal-blog.com\/"},{"@type":"ListItem","position":2,"name":"Japan"}]},{"@type":"WebSite","@id":"https:\/\/mytraveljournal-blog.com\/#website","url":"https:\/\/mytraveljournal-blog.com\/","name":"My Travel Journal-Blog","description":"","publisher":{"@id":"https:\/\/mytraveljournal-blog.com\/#organization"},"potentialAction":[{"@type":"SearchAction","target":{"@type":"EntryPoint","urlTemplate":"https:\/\/mytraveljournal-blog.com\/?s={search_term_string}"},"query-input":{"@type":"PropertyValueSpecification","valueRequired":true,"valueName":"search_term_string"}}],"inLanguage":"de"},{"@type":"Organization","@id":"https:\/\/mytraveljournal-blog.com\/#organization","name":"My Travel Journal-Blog","url":"https:\/\/mytraveljournal-blog.com\/","logo":{"@type":"ImageObject","inLanguage":"de","@id":"https:\/\/mytraveljournal-blog.com\/#\/schema\/logo\/image\/","url":"https:\/\/mytraveljournal-blog.com\/wp-content\/uploads\/2016\/09\/cropped-papierflieger_faviconblau.bmp","contentUrl":"https:\/\/mytraveljournal-blog.com\/wp-content\/uploads\/2016\/09\/cropped-papierflieger_faviconblau.bmp","width":512,"height":512,"caption":"My Travel Journal-Blog"},"image":{"@id":"https:\/\/mytraveljournal-blog.com\/#\/schema\/logo\/image\/"},"sameAs":["https:\/\/www.facebook.com\/mytraveljournalblog\/","https:\/\/www.instagram.com\/mytraveljournalblog\/","https:\/\/www.pinterest.de\/mytraveljournalblog\/_saved\/","https:\/\/www.youtube.com\/channel\/UCKR8RQw_YtfmHaK3YEiLJwA"]}]}},"jetpack_sharing_enabled":true,"jetpack_shortlink":"https:\/\/wp.me\/PcQecO-I8","jetpack-related-posts":[],"_links":{"self":[{"href":"https:\/\/mytraveljournal-blog.com\/de\/wp-json\/wp\/v2\/pages\/2736","targetHints":{"allow":["GET"]}}],"collection":[{"href":"https:\/\/mytraveljournal-blog.com\/de\/wp-json\/wp\/v2\/pages"}],"about":[{"href":"https:\/\/mytraveljournal-blog.com\/de\/wp-json\/wp\/v2\/types\/page"}],"author":[{"embeddable":true,"href":"https:\/\/mytraveljournal-blog.com\/de\/wp-json\/wp\/v2\/users\/1"}],"replies":[{"embeddable":true,"href":"https:\/\/mytraveljournal-blog.com\/de\/wp-json\/wp\/v2\/comments?post=2736"}],"version-history":[{"count":10,"href":"https:\/\/mytraveljournal-blog.com\/de\/wp-json\/wp\/v2\/pages\/2736\/revisions"}],"predecessor-version":[{"id":5187,"href":"https:\/\/mytraveljournal-blog.com\/de\/wp-json\/wp\/v2\/pages\/2736\/revisions\/5187"}],"wp:featuredmedia":[{"embeddable":true,"href":"https:\/\/mytraveljournal-blog.com\/de\/wp-json\/wp\/v2\/media\/2742"}],"wp:attachment":[{"href":"https:\/\/mytraveljournal-blog.com\/de\/wp-json\/wp\/v2\/media?parent=2736"}],"curies":[{"name":"wp","href":"https:\/\/api.w.org\/{rel}","templated":true}]}}