{"id":2962,"date":"2021-04-16T22:48:42","date_gmt":"2021-04-16T20:48:42","guid":{"rendered":"https:\/\/mytraveljournal-blog.com\/?page_id=2962"},"modified":"2024-05-24T00:23:43","modified_gmt":"2024-05-23T22:23:43","slug":"north-korea","status":"publish","type":"page","link":"https:\/\/mytraveljournal-blog.com\/de\/north-korea\/","title":{"rendered":"North Korea"},"content":{"rendered":"\n<h1 class=\"wp-block-heading\"><\/h1>\n\n\n\n<h4 class=\"wp-block-heading\" id=\"block-6aaad3da-6435-464a-aa67-cb22976ad942\">All posts from the category \u201aNorth Korea\u2018:<\/h4>\n\n\n\n<hr class=\"wp-block-separator has-alpha-channel-opacity\" id=\"block-4642e3e0-2cb2-43cd-b3ac-553acb364be4\"\/>\n\n\n\n<p id=\"block-fe92b870-75d3-4289-8ba5-da507050836c\"><a href=\"https:\/\/mytraveljournal-blog.com\/north-korea-jsa-dmz\/\"><strong>A few minutes in North Korea &#8211; JSA &amp; DMZ<\/strong><\/a><\/p>\n\n\n\n<figure class=\"wp-block-image is-style-rounded\" id=\"block-52735ead-8241-4744-abd7-3bd584939f79\"><img data-recalc-dims=\"1\" height=\"150\" width=\"150\" decoding=\"async\" data-src=\"https:\/\/i0.wp.com\/mytraveljournal-blog.com\/wp-content\/uploads\/2016\/12\/DSCN7496.jpg?resize=150%2C150&#038;ssl=1\" alt=\"dscn7496\" src=\"data:image\/svg+xml;base64,PHN2ZyB3aWR0aD0iMSIgaGVpZ2h0PSIxIiB4bWxucz0iaHR0cDovL3d3dy53My5vcmcvMjAwMC9zdmciPjwvc3ZnPg==\" class=\"lazyload\" style=\"--smush-placeholder-width: 150px; --smush-placeholder-aspect-ratio: 150\/150;\" \/><\/figure>\n\n\n\n<p id=\"block-cad9afbf-83c2-4d7f-bb7a-ead09c9d1e0e\"><em>The borderline of Korea is one of the best-guarded ones in the world. Between peace and freedom village, blue houses, soldiers, conflicts and secret tunnels lay a tourist attraction between North and South Korea.<\/em><\/p>\n","protected":false},"excerpt":{"rendered":"<p>All posts from the category \u201aNorth Korea\u2018: A few minutes in North Korea &#8211; JSA &amp; DMZ The borderline of Korea is one of the best-guarded ones in the world. Between peace and freedom village, blue houses, soldiers, conflicts and secret tunnels lay a tourist attraction between North and South Korea.<\/p>\n","protected":false},"author":1,"featured_media":2963,"parent":0,"menu_order":0,"comment_status":"closed","ping_status":"closed","template":"","meta":{"_monsterinsights_skip_tracking":false,"_monsterinsights_sitenote_active":false,"_monsterinsights_sitenote_note":"","_monsterinsights_sitenote_category":0,"jetpack_post_was_ever_published":false,"footnotes":""},"class_list":["post-2962","page","type-page","status-publish","has-post-thumbnail","hentry"],"yoast_head":"<!-- This site is optimized with the Yoast SEO plugin v27.4 - https:\/\/yoast.com\/product\/yoast-seo-wordpress\/ -->\n<title>North Korea | My Travel Journal-Blog<\/title>\n<meta name=\"description\" content=\"All articles from the category \u201aNorth Korea\u2018\" \/>\n<meta name=\"robots\" content=\"index, follow, max-snippet:-1, max-image-preview:large, max-video-preview:-1\" \/>\n<link rel=\"canonical\" href=\"https:\/\/mytraveljournal-blog.com\/north-korea\/\" \/>\n<meta property=\"og:locale\" content=\"de_DE\" \/>\n<meta property=\"og:type\" content=\"article\" \/>\n<meta property=\"og:title\" content=\"North Korea | My Travel Journal-Blog\" \/>\n<meta property=\"og:description\" content=\"All articles from the category \u201aNorth Korea\u2018\" \/>\n<meta property=\"og:url\" content=\"https:\/\/mytraveljournal-blog.com\/north-korea\/\" \/>\n<meta property=\"og:site_name\" content=\"My Travel Journal-Blog\" \/>\n<meta property=\"article:publisher\" content=\"https:\/\/www.facebook.com\/mytraveljournalblog\/\" \/>\n<meta property=\"article:modified_time\" content=\"2024-05-23T22:23:43+00:00\" \/>\n<meta property=\"og:image\" content=\"https:\/\/mytraveljournal-blog.com\/wp-content\/uploads\/2021\/04\/DSCN7492-scaled.jpg\" \/>\n\t<meta property=\"og:image:width\" content=\"2560\" \/>\n\t<meta property=\"og:image:height\" content=\"1920\" \/>\n\t<meta property=\"og:image:type\" content=\"image\/jpeg\" \/>\n<meta name=\"twitter:card\" content=\"summary_large_image\" \/>\n<meta name=\"twitter:label1\" content=\"Gesch\u00e4tzte Lesezeit\" \/>\n\t<meta name=\"twitter:data1\" content=\"1\u00a0Minute\" \/>\n<script type=\"application\/ld+json\" class=\"yoast-schema-graph\">{\"@context\":\"https:\\\/\\\/schema.org\",\"@graph\":[{\"@type\":\"WebPage\",\"@id\":\"https:\\\/\\\/mytraveljournal-blog.com\\\/north-korea\\\/\",\"url\":\"https:\\\/\\\/mytraveljournal-blog.com\\\/north-korea\\\/\",\"name\":\"North Korea | My Travel Journal-Blog\",\"isPartOf\":{\"@id\":\"https:\\\/\\\/mytraveljournal-blog.com\\\/#website\"},\"primaryImageOfPage\":{\"@id\":\"https:\\\/\\\/mytraveljournal-blog.com\\\/north-korea\\\/#primaryimage\"},\"image\":{\"@id\":\"https:\\\/\\\/mytraveljournal-blog.com\\\/north-korea\\\/#primaryimage\"},\"thumbnailUrl\":\"https:\\\/\\\/i0.wp.com\\\/mytraveljournal-blog.com\\\/wp-content\\\/uploads\\\/2021\\\/04\\\/DSCN7492-scaled.jpg?fit=2560%2C1920&ssl=1\",\"datePublished\":\"2021-04-16T20:48:42+00:00\",\"dateModified\":\"2024-05-23T22:23:43+00:00\",\"description\":\"All articles from the category \u201aNorth Korea\u2018\",\"breadcrumb\":{\"@id\":\"https:\\\/\\\/mytraveljournal-blog.com\\\/north-korea\\\/#breadcrumb\"},\"inLanguage\":\"de\",\"potentialAction\":[{\"@type\":\"ReadAction\",\"target\":[\"https:\\\/\\\/mytraveljournal-blog.com\\\/north-korea\\\/\"]}]},{\"@type\":\"ImageObject\",\"inLanguage\":\"de\",\"@id\":\"https:\\\/\\\/mytraveljournal-blog.com\\\/north-korea\\\/#primaryimage\",\"url\":\"https:\\\/\\\/i0.wp.com\\\/mytraveljournal-blog.com\\\/wp-content\\\/uploads\\\/2021\\\/04\\\/DSCN7492-scaled.jpg?fit=2560%2C1920&ssl=1\",\"contentUrl\":\"https:\\\/\\\/i0.wp.com\\\/mytraveljournal-blog.com\\\/wp-content\\\/uploads\\\/2021\\\/04\\\/DSCN7492-scaled.jpg?fit=2560%2C1920&ssl=1\",\"width\":2560,\"height\":1920},{\"@type\":\"BreadcrumbList\",\"@id\":\"https:\\\/\\\/mytraveljournal-blog.com\\\/north-korea\\\/#breadcrumb\",\"itemListElement\":[{\"@type\":\"ListItem\",\"position\":1,\"name\":\"Startseite\",\"item\":\"https:\\\/\\\/mytraveljournal-blog.com\\\/\"},{\"@type\":\"ListItem\",\"position\":2,\"name\":\"North Korea\"}]},{\"@type\":\"WebSite\",\"@id\":\"https:\\\/\\\/mytraveljournal-blog.com\\\/#website\",\"url\":\"https:\\\/\\\/mytraveljournal-blog.com\\\/\",\"name\":\"My Travel Journal-Blog\",\"description\":\"\",\"publisher\":{\"@id\":\"https:\\\/\\\/mytraveljournal-blog.com\\\/#organization\"},\"potentialAction\":[{\"@type\":\"SearchAction\",\"target\":{\"@type\":\"EntryPoint\",\"urlTemplate\":\"https:\\\/\\\/mytraveljournal-blog.com\\\/?s={search_term_string}\"},\"query-input\":{\"@type\":\"PropertyValueSpecification\",\"valueRequired\":true,\"valueName\":\"search_term_string\"}}],\"inLanguage\":\"de\"},{\"@type\":\"Organization\",\"@id\":\"https:\\\/\\\/mytraveljournal-blog.com\\\/#organization\",\"name\":\"My Travel Journal-Blog\",\"url\":\"https:\\\/\\\/mytraveljournal-blog.com\\\/\",\"logo\":{\"@type\":\"ImageObject\",\"inLanguage\":\"de\",\"@id\":\"https:\\\/\\\/mytraveljournal-blog.com\\\/#\\\/schema\\\/logo\\\/image\\\/\",\"url\":\"https:\\\/\\\/mytraveljournal-blog.com\\\/wp-content\\\/uploads\\\/2016\\\/09\\\/cropped-papierflieger_faviconblau.bmp\",\"contentUrl\":\"https:\\\/\\\/mytraveljournal-blog.com\\\/wp-content\\\/uploads\\\/2016\\\/09\\\/cropped-papierflieger_faviconblau.bmp\",\"width\":512,\"height\":512,\"caption\":\"My Travel Journal-Blog\"},\"image\":{\"@id\":\"https:\\\/\\\/mytraveljournal-blog.com\\\/#\\\/schema\\\/logo\\\/image\\\/\"},\"sameAs\":[\"https:\\\/\\\/www.facebook.com\\\/mytraveljournalblog\\\/\",\"https:\\\/\\\/www.instagram.com\\\/mytraveljournalblog\\\/\",\"https:\\\/\\\/www.pinterest.de\\\/mytraveljournalblog\\\/_saved\\\/\",\"https:\\\/\\\/www.youtube.com\\\/channel\\\/UCKR8RQw_YtfmHaK3YEiLJwA\"]}]}<\/script>\n<!-- \/ Yoast SEO plugin. -->","yoast_head_json":{"title":"North Korea | My Travel Journal-Blog","description":"All articles from the category \u201aNorth Korea\u2018","robots":{"index":"index","follow":"follow","max-snippet":"max-snippet:-1","max-image-preview":"max-image-preview:large","max-video-preview":"max-video-preview:-1"},"canonical":"https:\/\/mytraveljournal-blog.com\/north-korea\/","og_locale":"de_DE","og_type":"article","og_title":"North Korea | My Travel Journal-Blog","og_description":"All articles from the category \u201aNorth Korea\u2018","og_url":"https:\/\/mytraveljournal-blog.com\/north-korea\/","og_site_name":"My Travel Journal-Blog","article_publisher":"https:\/\/www.facebook.com\/mytraveljournalblog\/","article_modified_time":"2024-05-23T22:23:43+00:00","og_image":[{"width":2560,"height":1920,"url":"https:\/\/mytraveljournal-blog.com\/wp-content\/uploads\/2021\/04\/DSCN7492-scaled.jpg","type":"image\/jpeg"}],"twitter_card":"summary_large_image","twitter_misc":{"Gesch\u00e4tzte Lesezeit":"1\u00a0Minute"},"schema":{"@context":"https:\/\/schema.org","@graph":[{"@type":"WebPage","@id":"https:\/\/mytraveljournal-blog.com\/north-korea\/","url":"https:\/\/mytraveljournal-blog.com\/north-korea\/","name":"North Korea | My Travel Journal-Blog","isPartOf":{"@id":"https:\/\/mytraveljournal-blog.com\/#website"},"primaryImageOfPage":{"@id":"https:\/\/mytraveljournal-blog.com\/north-korea\/#primaryimage"},"image":{"@id":"https:\/\/mytraveljournal-blog.com\/north-korea\/#primaryimage"},"thumbnailUrl":"https:\/\/i0.wp.com\/mytraveljournal-blog.com\/wp-content\/uploads\/2021\/04\/DSCN7492-scaled.jpg?fit=2560%2C1920&ssl=1","datePublished":"2021-04-16T20:48:42+00:00","dateModified":"2024-05-23T22:23:43+00:00","description":"All articles from the category \u201aNorth Korea\u2018","breadcrumb":{"@id":"https:\/\/mytraveljournal-blog.com\/north-korea\/#breadcrumb"},"inLanguage":"de","potentialAction":[{"@type":"ReadAction","target":["https:\/\/mytraveljournal-blog.com\/north-korea\/"]}]},{"@type":"ImageObject","inLanguage":"de","@id":"https:\/\/mytraveljournal-blog.com\/north-korea\/#primaryimage","url":"https:\/\/i0.wp.com\/mytraveljournal-blog.com\/wp-content\/uploads\/2021\/04\/DSCN7492-scaled.jpg?fit=2560%2C1920&ssl=1","contentUrl":"https:\/\/i0.wp.com\/mytraveljournal-blog.com\/wp-content\/uploads\/2021\/04\/DSCN7492-scaled.jpg?fit=2560%2C1920&ssl=1","width":2560,"height":1920},{"@type":"BreadcrumbList","@id":"https:\/\/mytraveljournal-blog.com\/north-korea\/#breadcrumb","itemListElement":[{"@type":"ListItem","position":1,"name":"Startseite","item":"https:\/\/mytraveljournal-blog.com\/"},{"@type":"ListItem","position":2,"name":"North Korea"}]},{"@type":"WebSite","@id":"https:\/\/mytraveljournal-blog.com\/#website","url":"https:\/\/mytraveljournal-blog.com\/","name":"My Travel Journal-Blog","description":"","publisher":{"@id":"https:\/\/mytraveljournal-blog.com\/#organization"},"potentialAction":[{"@type":"SearchAction","target":{"@type":"EntryPoint","urlTemplate":"https:\/\/mytraveljournal-blog.com\/?s={search_term_string}"},"query-input":{"@type":"PropertyValueSpecification","valueRequired":true,"valueName":"search_term_string"}}],"inLanguage":"de"},{"@type":"Organization","@id":"https:\/\/mytraveljournal-blog.com\/#organization","name":"My Travel Journal-Blog","url":"https:\/\/mytraveljournal-blog.com\/","logo":{"@type":"ImageObject","inLanguage":"de","@id":"https:\/\/mytraveljournal-blog.com\/#\/schema\/logo\/image\/","url":"https:\/\/mytraveljournal-blog.com\/wp-content\/uploads\/2016\/09\/cropped-papierflieger_faviconblau.bmp","contentUrl":"https:\/\/mytraveljournal-blog.com\/wp-content\/uploads\/2016\/09\/cropped-papierflieger_faviconblau.bmp","width":512,"height":512,"caption":"My Travel Journal-Blog"},"image":{"@id":"https:\/\/mytraveljournal-blog.com\/#\/schema\/logo\/image\/"},"sameAs":["https:\/\/www.facebook.com\/mytraveljournalblog\/","https:\/\/www.instagram.com\/mytraveljournalblog\/","https:\/\/www.pinterest.de\/mytraveljournalblog\/_saved\/","https:\/\/www.youtube.com\/channel\/UCKR8RQw_YtfmHaK3YEiLJwA"]}]}},"jetpack_sharing_enabled":true,"jetpack_shortlink":"https:\/\/wp.me\/PcQecO-LM","jetpack-related-posts":[{"id":998,"url":"https:\/\/mytraveljournal-blog.com\/de\/south-korea\/","url_meta":{"origin":2962,"position":0},"title":"South Korea","author":"Florentina","date":"Montag, der 26. September 2016","format":false,"excerpt":"All posts from the category \u201aSouth Korea\u2018: Cuddling cats and dogs in Asian caf\u00e9s How is it to visit an animal caf\u00e9 in Asia? Are the animals\u00a0well treated,\u00a0what kind of animal caf\u00e9s exist, and\u00a0how does a visit work? I took a look and tested different caf\u00e9s in\u00a0South Korea and Japan.\u2026","rel":"","context":"\u00c4hnlicher Beitrag","block_context":{"text":"\u00c4hnlicher Beitrag","link":""},"img":{"alt_text":"","src":"https:\/\/i0.wp.com\/mytraveljournal-blog.com\/wp-content\/uploads\/2020\/08\/DSCN5914-scaled.jpg?fit=1200%2C900&ssl=1&resize=350%2C200","width":350,"height":200,"srcset":"https:\/\/i0.wp.com\/mytraveljournal-blog.com\/wp-content\/uploads\/2020\/08\/DSCN5914-scaled.jpg?fit=1200%2C900&ssl=1&resize=350%2C200 1x, https:\/\/i0.wp.com\/mytraveljournal-blog.com\/wp-content\/uploads\/2020\/08\/DSCN5914-scaled.jpg?fit=1200%2C900&ssl=1&resize=525%2C300 1.5x, https:\/\/i0.wp.com\/mytraveljournal-blog.com\/wp-content\/uploads\/2020\/08\/DSCN5914-scaled.jpg?fit=1200%2C900&ssl=1&resize=700%2C400 2x, https:\/\/i0.wp.com\/mytraveljournal-blog.com\/wp-content\/uploads\/2020\/08\/DSCN5914-scaled.jpg?fit=1200%2C900&ssl=1&resize=1050%2C600 3x"},"classes":[]},{"id":2736,"url":"https:\/\/mytraveljournal-blog.com\/de\/japan\/","url_meta":{"origin":2962,"position":1},"title":"Japan","author":"Florentina","date":"Montag, der  8. M\u00e4rz 2021","format":false,"excerpt":"All posts from the category 'Japan': Cuddling cats and dogs in Asian caf\u00e9s How is it to visit an animal caf\u00e9 in Asia? Are the animals\u00a0well treated,\u00a0what kind of animal caf\u00e9s exist, and\u00a0how does a visit work? I took a look and tested different caf\u00e9s in\u00a0South Korea and Japan. Between\u2026","rel":"","context":"\u00c4hnlicher Beitrag","block_context":{"text":"\u00c4hnlicher Beitrag","link":""},"img":{"alt_text":"","src":"https:\/\/i0.wp.com\/mytraveljournal-blog.com\/wp-content\/uploads\/2021\/03\/DSCN5943-scaled.jpg?fit=1200%2C900&ssl=1&resize=350%2C200","width":350,"height":200,"srcset":"https:\/\/i0.wp.com\/mytraveljournal-blog.com\/wp-content\/uploads\/2021\/03\/DSCN5943-scaled.jpg?fit=1200%2C900&ssl=1&resize=350%2C200 1x, https:\/\/i0.wp.com\/mytraveljournal-blog.com\/wp-content\/uploads\/2021\/03\/DSCN5943-scaled.jpg?fit=1200%2C900&ssl=1&resize=525%2C300 1.5x, https:\/\/i0.wp.com\/mytraveljournal-blog.com\/wp-content\/uploads\/2021\/03\/DSCN5943-scaled.jpg?fit=1200%2C900&ssl=1&resize=700%2C400 2x, https:\/\/i0.wp.com\/mytraveljournal-blog.com\/wp-content\/uploads\/2021\/03\/DSCN5943-scaled.jpg?fit=1200%2C900&ssl=1&resize=1050%2C600 3x"},"classes":[]},{"id":1829,"url":"https:\/\/mytraveljournal-blog.com\/de\/cambodia\/","url_meta":{"origin":2962,"position":2},"title":"Cambodia","author":"Florentina","date":"Donnerstag, der 20. August 2020","format":false,"excerpt":"All posts from the category 'Cambodia': Couchsurfing in Cambodia Couchsurfing in Cambodia \u2013 Chicken feed, the screaming neighbour kid, rolled Ice Cream and other cultures. 222 Days of Asia \u2013 backpacking & culture shock in 13 countries In\u00a0222 days\u00a0I travelled to\u00a013 different countries. It all started with my\u00a0exchange semester in\u2026","rel":"","context":"\u00c4hnlicher Beitrag","block_context":{"text":"\u00c4hnlicher Beitrag","link":""},"img":{"alt_text":"","src":"https:\/\/i0.wp.com\/mytraveljournal-blog.com\/wp-content\/uploads\/2020\/08\/DSCN0682-scaled.jpg?fit=1200%2C900&ssl=1&resize=350%2C200","width":350,"height":200,"srcset":"https:\/\/i0.wp.com\/mytraveljournal-blog.com\/wp-content\/uploads\/2020\/08\/DSCN0682-scaled.jpg?fit=1200%2C900&ssl=1&resize=350%2C200 1x, https:\/\/i0.wp.com\/mytraveljournal-blog.com\/wp-content\/uploads\/2020\/08\/DSCN0682-scaled.jpg?fit=1200%2C900&ssl=1&resize=525%2C300 1.5x, https:\/\/i0.wp.com\/mytraveljournal-blog.com\/wp-content\/uploads\/2020\/08\/DSCN0682-scaled.jpg?fit=1200%2C900&ssl=1&resize=700%2C400 2x, https:\/\/i0.wp.com\/mytraveljournal-blog.com\/wp-content\/uploads\/2020\/08\/DSCN0682-scaled.jpg?fit=1200%2C900&ssl=1&resize=1050%2C600 3x"},"classes":[]},{"id":1419,"url":"https:\/\/mytraveljournal-blog.com\/de\/vietnam\/","url_meta":{"origin":2962,"position":3},"title":"Vietnam","author":"Florentina","date":"Donnerstag, der 23. Februar 2017","format":false,"excerpt":"All articles from the category \u2018Vietnam\u2018: My highlights and tears from crazy Saigon That one time when I arrived in Saigon (Ho-Chi-Minh-City) and realised\u00a0I am a multi-millionaire. But also how a sightseeing tour brought me to\u00a0tears, a theatre where\u00a0puppets dance on the water\u00a0and a\u00a0boat tour\u00a0right through the\u00a0jungle. Burned money in\u2026","rel":"","context":"\u00c4hnlicher Beitrag","block_context":{"text":"\u00c4hnlicher Beitrag","link":""},"img":{"alt_text":"","src":"https:\/\/i0.wp.com\/mytraveljournal-blog.com\/wp-content\/uploads\/2017\/02\/Boats-on-the-Mekong-Delta-scaled.jpg?fit=1200%2C900&ssl=1&resize=350%2C200","width":350,"height":200,"srcset":"https:\/\/i0.wp.com\/mytraveljournal-blog.com\/wp-content\/uploads\/2017\/02\/Boats-on-the-Mekong-Delta-scaled.jpg?fit=1200%2C900&ssl=1&resize=350%2C200 1x, https:\/\/i0.wp.com\/mytraveljournal-blog.com\/wp-content\/uploads\/2017\/02\/Boats-on-the-Mekong-Delta-scaled.jpg?fit=1200%2C900&ssl=1&resize=525%2C300 1.5x, https:\/\/i0.wp.com\/mytraveljournal-blog.com\/wp-content\/uploads\/2017\/02\/Boats-on-the-Mekong-Delta-scaled.jpg?fit=1200%2C900&ssl=1&resize=700%2C400 2x, https:\/\/i0.wp.com\/mytraveljournal-blog.com\/wp-content\/uploads\/2017\/02\/Boats-on-the-Mekong-Delta-scaled.jpg?fit=1200%2C900&ssl=1&resize=1050%2C600 3x"},"classes":[]},{"id":127,"url":"https:\/\/mytraveljournal-blog.com\/de\/about-me\/","url_meta":{"origin":2962,"position":4},"title":"About Me","author":"Florentina","date":"Freitag, der 17. Juni 2016","format":false,"excerpt":"Do you want to know more about the travel-addicted me and the author behind this blog? Then you have found the right page. Let me introduce myself and tell you everything you may or may not want to know about me...\u00a0 My name is\u00a0Florentina, I am a '90s kid, born\u2026","rel":"","context":"\u00c4hnlicher Beitrag","block_context":{"text":"\u00c4hnlicher Beitrag","link":""},"img":{"alt_text":"A woman on a stone infront of the sea","src":"https:\/\/i0.wp.com\/mytraveljournal-blog.com\/wp-content\/uploads\/2024\/06\/DSCN339523test-scaled.jpg?fit=1200%2C717&ssl=1&resize=350%2C200","width":350,"height":200,"srcset":"https:\/\/i0.wp.com\/mytraveljournal-blog.com\/wp-content\/uploads\/2024\/06\/DSCN339523test-scaled.jpg?fit=1200%2C717&ssl=1&resize=350%2C200 1x, https:\/\/i0.wp.com\/mytraveljournal-blog.com\/wp-content\/uploads\/2024\/06\/DSCN339523test-scaled.jpg?fit=1200%2C717&ssl=1&resize=525%2C300 1.5x, https:\/\/i0.wp.com\/mytraveljournal-blog.com\/wp-content\/uploads\/2024\/06\/DSCN339523test-scaled.jpg?fit=1200%2C717&ssl=1&resize=700%2C400 2x, https:\/\/i0.wp.com\/mytraveljournal-blog.com\/wp-content\/uploads\/2024\/06\/DSCN339523test-scaled.jpg?fit=1200%2C717&ssl=1&resize=1050%2C600 3x"},"classes":[]}],"_links":{"self":[{"href":"https:\/\/mytraveljournal-blog.com\/de\/wp-json\/wp\/v2\/pages\/2962","targetHints":{"allow":["GET"]}}],"collection":[{"href":"https:\/\/mytraveljournal-blog.com\/de\/wp-json\/wp\/v2\/pages"}],"about":[{"href":"https:\/\/mytraveljournal-blog.com\/de\/wp-json\/wp\/v2\/types\/page"}],"author":[{"embeddable":true,"href":"https:\/\/mytraveljournal-blog.com\/de\/wp-json\/wp\/v2\/users\/1"}],"replies":[{"embeddable":true,"href":"https:\/\/mytraveljournal-blog.com\/de\/wp-json\/wp\/v2\/comments?post=2962"}],"version-history":[{"count":4,"href":"https:\/\/mytraveljournal-blog.com\/de\/wp-json\/wp\/v2\/pages\/2962\/revisions"}],"predecessor-version":[{"id":5248,"href":"https:\/\/mytraveljournal-blog.com\/de\/wp-json\/wp\/v2\/pages\/2962\/revisions\/5248"}],"wp:featuredmedia":[{"embeddable":true,"href":"https:\/\/mytraveljournal-blog.com\/de\/wp-json\/wp\/v2\/media\/2963"}],"wp:attachment":[{"href":"https:\/\/mytraveljournal-blog.com\/de\/wp-json\/wp\/v2\/media?parent=2962"}],"curies":[{"name":"wp","href":"https:\/\/api.w.org\/{rel}","templated":true}]}}