{"id":474,"date":"2016-07-15T13:57:13","date_gmt":"2016-07-15T11:57:13","guid":{"rendered":"http:\/\/mytraveljournal-blog.com\/?page_id=474"},"modified":"2024-05-24T00:07:32","modified_gmt":"2024-05-23T22:07:32","slug":"imprint","status":"publish","type":"page","link":"https:\/\/mytraveljournal-blog.com\/de\/imprint\/","title":{"rendered":"Imprint"},"content":{"rendered":"<p><b>Information according to \u00a7 5 DDG <\/b><\/p><p>My Travel Journal-Blog<br \/>Florentina Anna Sophia Finke<br\/>Eichenrieder Stra\u00dfe 7<br\/>36148 Kalbach<br\/>Germany<br\/><\/p><p><b>Vertreten durch:<\/b> Florentina Anna Sophia Finke<br\/><\/p><p><b>Kontakt:<\/b><br\/>Telefon: 004997429303245<br\/>E-Mail: florentina@mytraveljournal-blog.com<br\/><\/p><p><b>Verantwortlich f\u00fcr den Inhalt nach \u00a7 55 Abs. 2 RStV:<\/b><br \/>Florentina Anna Sophia Finke<br\/>Eichenrieder Stra\u00dfe 7<br\/>36148 Kalbach<br\/>Germany<br\/><\/p><p><b>Haftungsausschluss<\/b><br \/><\/p><p><b>Haftung f\u00fcr Links:<\/b><br\/>Unser Angebot enth\u00e4lt Links zu externen Webseiten Dritter, auf deren Inhalte wir keinen Einfluss haben. Deshalb k\u00f6nnen wir f\u00fcr diese fremden Inhalte auch keine Gew\u00e4hr \u00fcbernehmen. F\u00fcr die Inhalte der verlinkten Seiten ist stets der jeweilige Anbieter oder Betreiber der Seiten verantwortlich. Die verlinkten Seiten wurden zum Zeitpunkt der Verlinkung auf m\u00f6gliche Rechtsverst\u00f6\u00dfe \u00fcberpr\u00fcft. Rechtswidrige Inhalte waren zum Zeitpunkt der Verlinkung nicht erkennbar. Eine permanente inhaltliche Kontrolle der verlinkten Seiten ist jedoch ohne konkrete Anhaltspunkte einer Rechtsverletzung nicht zumutbar. Bei Bekanntwerden von Rechtsverletzungen werden wir derartige Links umgehend entfernen.<\/p><p><b>Haftung f\u00fcr Inhalt:<\/b><br\/>The contents of our pages were created with the greatest care. However, we cannot assume any liability for the correctness, completeness and topicality of the contents. As a service provider, we are responsible for our own content on these pages in accordance with \u00a7 5 DDG and general laws. According to \u00a7 5 DDG we are not obliged to monitor transmitted or stored information from third parties or to investigate circumstances that indicate illegal activity. Obligations to remove or block the use of information according to general laws remain unaffected. However, liability in this respect is only possible from the time of knowledge of a concrete infringement. If we become aware of any such violations, we will remove the content in question immediately.<\/p><p><b>Urheberrecht<\/b><br \/>Die durch die Seitenbetreiber erstellten Inhalte und Werke auf diesen Seiten unterliegen dem deutschen Urheberrecht. Die Vervielf\u00e4ltigung, Bearbeitung, Verbreitung und jede Art der Verwertung au\u00dferhalb der Grenzen des Urheberrechtes bed\u00fcrfen der schriftlichen Zustimmung des jeweiligen Autors bzw. Erstellers. Downloads und Kopien dieser Seite sind nur f\u00fcr den privaten, nicht kommerziellen Gebrauch gestattet. Soweit die Inhalte auf dieser Seite nicht vom Betreiber erstellt wurden, werden die Urheberrechte Dritter beachtet. Insbesondere werden Inhalte Dritter als solche gekennzeichnet. Sollten Sie trotzdem auf eine Urheberrechtsverletzung aufmerksam werden, bitten wir um einen entsprechenden Hinweis. Bei Bekanntwerden von Rechtsverletzungen werden wir derartige Inhalte umgehend entfernen.<\/p>\n<h2>\n<p>Deutsche Fassung:<\/p>\n<p>Angaben gem\u00e4\u00df \u00a7 5 TMG:<\/h2>\n<p style=\"text-align: justify;\">Florentina Anna Sophia Finke<br \/>\nEichenrieder Stra\u00dfe 7<br \/>\n36148 Kalbach<\/p>\n<h2 style=\"text-align: justify;\">Kontakt:<\/h2>\n<table>\n<tbody>\n<tr>\n<td>Telefon:<\/td>\n<td>\u00a009742-9303245<\/td>\n<\/tr>\n<tr>\n<td>E-Mail:<\/td>\n<td>florentina@mytraveljournal-blog.com<\/td>\n<\/tr>\n<\/tbody>\n<\/table>\n<h2 style=\"text-align: justify;\"><\/h2>\n<h2 style=\"text-align: justify;\">Verantwortlich f\u00fcr den Inhalt nach \u00a7 55 Abs. 2 RStV:<\/h2>\n<p style=\"text-align: justify;\">Florentina Finke<br \/>\nEichenrieder Stra\u00dfe 7<br \/>\n36148 Kalbach<\/p>\n<h1 style=\"text-align: justify;\">Haftungsausschluss (Disclaimer)<\/h1>\n<h6 style=\"text-align: justify;\"><strong>Haftung f\u00fcr Inhalte<\/strong><\/h6>\n<p style=\"text-align: justify;\">Als Diensteanbieter sind wir gem\u00e4\u00df \u00a7 7 Abs.1 TMG f\u00fcr eigene Inhalte auf diesen Seiten nach den allgemeinen Gesetzen verantwortlich. Nach \u00a7\u00a7 8 bis 10 TMG sind wir als Diensteanbieter jedoch nicht verpflichtet, \u00fcbermittelte oder gespeicherte fremde Informationen zu \u00fcberwachen oder nach Umst\u00e4nden zu forschen, die auf eine rechtswidrige T\u00e4tigkeit hinweisen. Verpflichtungen zur Entfernung oder Sperrung der Nutzung von Informationen nach den allgemeinen Gesetzen bleiben hiervon unber\u00fchrt. Eine diesbez\u00fcgliche Haftung ist jedoch erst ab dem Zeitpunkt der Kenntnis einer konkreten Rechtsverletzung m\u00f6glich. Bei Bekanntwerden von entsprechenden Rechtsverletzungen werden wir diese Inhalte umgehend entfernen.<\/p>\n<h6 style=\"text-align: justify;\"><strong>Haftung f\u00fcr Links<\/strong><\/h6>\n<p style=\"text-align: justify;\">Unser Angebot enth\u00e4lt Links zu externen Webseiten Dritter, auf deren Inhalte wir keinen Einfluss haben. Deshalb k\u00f6nnen wir f\u00fcr diese fremden Inhalte auch keine Gew\u00e4hr \u00fcbernehmen. F\u00fcr die Inhalte der verlinkten Seiten ist stets der jeweilige Anbieter oder Betreiber der Seiten verantwortlich. Die verlinkten Seiten wurden zum Zeitpunkt der Verlinkung auf m\u00f6gliche Rechtsverst\u00f6\u00dfe \u00fcberpr\u00fcft. Rechtswidrige Inhalte waren zum Zeitpunkt der Verlinkung nicht erkennbar. Eine permanente inhaltliche Kontrolle der verlinkten Seiten ist jedoch ohne konkrete Anhaltspunkte einer Rechtsverletzung nicht zumutbar. Bei Bekanntwerden von Rechtsverletzungen werden wir derartige Links umgehend entfernen.<\/p>\n<h6 style=\"text-align: justify;\"><strong>Urheberrecht<\/strong><\/h6>\n<p style=\"text-align: justify;\">Die durch die Seitenbetreiber erstellten Inhalte und Werke auf diesen Seiten unterliegen dem deutschen Urheberrecht. Die Vervielf\u00e4ltigung, Bearbeitung, Verbreitung und jede Art der Verwertung au\u00dferhalb der Grenzen des Urheberrechtes bed\u00fcrfen der schriftlichen Zustimmung des jeweiligen Autors bzw. Erstellers. Downloads und Kopien dieser Seite sind nur f\u00fcr den privaten, nicht kommerziellen Gebrauch gestattet. Soweit die Inhalte auf dieser Seite nicht vom Betreiber erstellt wurden, werden die Urheberrechte Dritter beachtet. Insbesondere werden Inhalte Dritter als solche gekennzeichnet. Sollten Sie trotzdem auf eine Urheberrechtsverletzung aufmerksam werden, bitten wir um einen entsprechenden Hinweis. Bei Bekanntwerden von Rechtsverletzungen werden wir derartige Inhalte umgehend entfernen.<\/p>\n","protected":false},"excerpt":{"rendered":"<p>Deutsche Fassung: Angaben gem\u00e4\u00df \u00a7 5 TMG: Florentina Anna Sophia Finke Eichenrieder Stra\u00dfe 7 36148 Kalbach Kontakt: Telefon: \u00a009742-9303245 E-Mail: florentina@mytraveljournal-blog.com Verantwortlich f\u00fcr den Inhalt nach \u00a7 55 Abs. 2 RStV: Florentina Finke Eichenrieder Stra\u00dfe 7 36148 Kalbach Haftungsausschluss (Disclaimer) Haftung f\u00fcr Inhalte Als Diensteanbieter sind wir gem\u00e4\u00df \u00a7 7 Abs.1 TMG f\u00fcr eigene Inhalte &hellip; <\/p>\n<p class=\"link-more\"><a href=\"https:\/\/mytraveljournal-blog.com\/de\/imprint\/\" class=\"more-link\"><span class=\"screen-reader-text\">\u201eImprint\u201c<\/span> weiterlesen<\/a><\/p>\n","protected":false},"author":1,"featured_media":683,"parent":0,"menu_order":0,"comment_status":"closed","ping_status":"closed","template":"","meta":{"_monsterinsights_skip_tracking":false,"_monsterinsights_sitenote_active":false,"_monsterinsights_sitenote_note":"","_monsterinsights_sitenote_category":0,"jetpack_post_was_ever_published":false,"footnotes":""},"class_list":["post-474","page","type-page","status-publish","has-post-thumbnail","hentry"],"yoast_head":"<!-- This site is optimized with the Yoast SEO plugin v25.3 - https:\/\/yoast.com\/wordpress\/plugins\/seo\/ -->\n<title>Imprint | My Travel Journal-Blog<\/title>\n<meta name=\"robots\" content=\"index, follow, max-snippet:-1, max-image-preview:large, max-video-preview:-1\" \/>\n<link rel=\"canonical\" href=\"https:\/\/mytraveljournal-blog.com\/imprint\/\" \/>\n<meta property=\"og:locale\" content=\"de_DE\" \/>\n<meta property=\"og:type\" content=\"article\" \/>\n<meta property=\"og:title\" content=\"Imprint | My Travel Journal-Blog\" \/>\n<meta property=\"og:description\" content=\"Deutsche Fassung: Angaben gem\u00e4\u00df \u00a7 5 TMG: Florentina Anna Sophia Finke Eichenrieder Stra\u00dfe 7 36148 Kalbach Kontakt: Telefon: \u00a009742-9303245 E-Mail: florentina@mytraveljournal-blog.com Verantwortlich f\u00fcr den Inhalt nach \u00a7 55 Abs. 2 RStV: Florentina Finke Eichenrieder Stra\u00dfe 7 36148 Kalbach Haftungsausschluss (Disclaimer) Haftung f\u00fcr Inhalte Als Diensteanbieter sind wir gem\u00e4\u00df \u00a7 7 Abs.1 TMG f\u00fcr eigene Inhalte &hellip; \u201eImprint\u201c weiterlesen\" \/>\n<meta property=\"og:url\" content=\"https:\/\/mytraveljournal-blog.com\/imprint\/\" \/>\n<meta property=\"og:site_name\" content=\"My Travel Journal-Blog\" \/>\n<meta property=\"article:publisher\" content=\"https:\/\/www.facebook.com\/mytraveljournalblog\/\" \/>\n<meta property=\"article:modified_time\" content=\"2024-05-23T22:07:32+00:00\" \/>\n<meta property=\"og:image\" content=\"https:\/\/mytraveljournal-blog.com\/wp-content\/uploads\/2016\/07\/DSCN2531-1024x768.jpg\" \/>\n\t<meta property=\"og:image:width\" content=\"1024\" \/>\n\t<meta property=\"og:image:height\" content=\"768\" \/>\n\t<meta property=\"og:image:type\" content=\"image\/jpeg\" \/>\n<meta name=\"twitter:card\" content=\"summary_large_image\" \/>\n<meta name=\"twitter:label1\" content=\"Gesch\u00e4tzte Lesezeit\" \/>\n\t<meta name=\"twitter:data1\" content=\"2\u00a0Minuten\" \/>\n<script type=\"application\/ld+json\" class=\"yoast-schema-graph\">{\"@context\":\"https:\/\/schema.org\",\"@graph\":[{\"@type\":\"WebPage\",\"@id\":\"https:\/\/mytraveljournal-blog.com\/imprint\/\",\"url\":\"https:\/\/mytraveljournal-blog.com\/imprint\/\",\"name\":\"Imprint | My Travel Journal-Blog\",\"isPartOf\":{\"@id\":\"https:\/\/mytraveljournal-blog.com\/#website\"},\"primaryImageOfPage\":{\"@id\":\"https:\/\/mytraveljournal-blog.com\/imprint\/#primaryimage\"},\"image\":{\"@id\":\"https:\/\/mytraveljournal-blog.com\/imprint\/#primaryimage\"},\"thumbnailUrl\":\"https:\/\/i0.wp.com\/mytraveljournal-blog.com\/wp-content\/uploads\/2016\/07\/DSCN2531.jpg?fit=3648%2C2736&ssl=1\",\"datePublished\":\"2016-07-15T11:57:13+00:00\",\"dateModified\":\"2024-05-23T22:07:32+00:00\",\"breadcrumb\":{\"@id\":\"https:\/\/mytraveljournal-blog.com\/imprint\/#breadcrumb\"},\"inLanguage\":\"de\",\"potentialAction\":[{\"@type\":\"ReadAction\",\"target\":[\"https:\/\/mytraveljournal-blog.com\/imprint\/\"]}]},{\"@type\":\"ImageObject\",\"inLanguage\":\"de\",\"@id\":\"https:\/\/mytraveljournal-blog.com\/imprint\/#primaryimage\",\"url\":\"https:\/\/i0.wp.com\/mytraveljournal-blog.com\/wp-content\/uploads\/2016\/07\/DSCN2531.jpg?fit=3648%2C2736&ssl=1\",\"contentUrl\":\"https:\/\/i0.wp.com\/mytraveljournal-blog.com\/wp-content\/uploads\/2016\/07\/DSCN2531.jpg?fit=3648%2C2736&ssl=1\",\"width\":3648,\"height\":2736},{\"@type\":\"BreadcrumbList\",\"@id\":\"https:\/\/mytraveljournal-blog.com\/imprint\/#breadcrumb\",\"itemListElement\":[{\"@type\":\"ListItem\",\"position\":1,\"name\":\"Startseite\",\"item\":\"https:\/\/mytraveljournal-blog.com\/\"},{\"@type\":\"ListItem\",\"position\":2,\"name\":\"Imprint\"}]},{\"@type\":\"WebSite\",\"@id\":\"https:\/\/mytraveljournal-blog.com\/#website\",\"url\":\"https:\/\/mytraveljournal-blog.com\/\",\"name\":\"My Travel Journal-Blog\",\"description\":\"\",\"publisher\":{\"@id\":\"https:\/\/mytraveljournal-blog.com\/#organization\"},\"potentialAction\":[{\"@type\":\"SearchAction\",\"target\":{\"@type\":\"EntryPoint\",\"urlTemplate\":\"https:\/\/mytraveljournal-blog.com\/?s={search_term_string}\"},\"query-input\":{\"@type\":\"PropertyValueSpecification\",\"valueRequired\":true,\"valueName\":\"search_term_string\"}}],\"inLanguage\":\"de\"},{\"@type\":\"Organization\",\"@id\":\"https:\/\/mytraveljournal-blog.com\/#organization\",\"name\":\"My Travel Journal-Blog\",\"url\":\"https:\/\/mytraveljournal-blog.com\/\",\"logo\":{\"@type\":\"ImageObject\",\"inLanguage\":\"de\",\"@id\":\"https:\/\/mytraveljournal-blog.com\/#\/schema\/logo\/image\/\",\"url\":\"https:\/\/mytraveljournal-blog.com\/wp-content\/uploads\/2016\/09\/cropped-papierflieger_faviconblau.bmp\",\"contentUrl\":\"https:\/\/mytraveljournal-blog.com\/wp-content\/uploads\/2016\/09\/cropped-papierflieger_faviconblau.bmp\",\"width\":512,\"height\":512,\"caption\":\"My Travel Journal-Blog\"},\"image\":{\"@id\":\"https:\/\/mytraveljournal-blog.com\/#\/schema\/logo\/image\/\"},\"sameAs\":[\"https:\/\/www.facebook.com\/mytraveljournalblog\/\",\"https:\/\/www.instagram.com\/mytraveljournalblog\/\",\"https:\/\/www.pinterest.de\/mytraveljournalblog\/_saved\/\",\"https:\/\/www.youtube.com\/channel\/UCKR8RQw_YtfmHaK3YEiLJwA\"]}]}<\/script>\n<!-- \/ Yoast SEO plugin. -->","yoast_head_json":{"title":"Imprint | My Travel Journal-Blog","robots":{"index":"index","follow":"follow","max-snippet":"max-snippet:-1","max-image-preview":"max-image-preview:large","max-video-preview":"max-video-preview:-1"},"canonical":"https:\/\/mytraveljournal-blog.com\/imprint\/","og_locale":"de_DE","og_type":"article","og_title":"Imprint | My Travel Journal-Blog","og_description":"Deutsche Fassung: Angaben gem\u00e4\u00df \u00a7 5 TMG: Florentina Anna Sophia Finke Eichenrieder Stra\u00dfe 7 36148 Kalbach Kontakt: Telefon: \u00a009742-9303245 E-Mail: florentina@mytraveljournal-blog.com Verantwortlich f\u00fcr den Inhalt nach \u00a7 55 Abs. 2 RStV: Florentina Finke Eichenrieder Stra\u00dfe 7 36148 Kalbach Haftungsausschluss (Disclaimer) Haftung f\u00fcr Inhalte Als Diensteanbieter sind wir gem\u00e4\u00df \u00a7 7 Abs.1 TMG f\u00fcr eigene Inhalte &hellip; \u201eImprint\u201c weiterlesen","og_url":"https:\/\/mytraveljournal-blog.com\/imprint\/","og_site_name":"My Travel Journal-Blog","article_publisher":"https:\/\/www.facebook.com\/mytraveljournalblog\/","article_modified_time":"2024-05-23T22:07:32+00:00","og_image":[{"width":1024,"height":768,"url":"https:\/\/mytraveljournal-blog.com\/wp-content\/uploads\/2016\/07\/DSCN2531-1024x768.jpg","type":"image\/jpeg"}],"twitter_card":"summary_large_image","twitter_misc":{"Gesch\u00e4tzte Lesezeit":"2\u00a0Minuten"},"schema":{"@context":"https:\/\/schema.org","@graph":[{"@type":"WebPage","@id":"https:\/\/mytraveljournal-blog.com\/imprint\/","url":"https:\/\/mytraveljournal-blog.com\/imprint\/","name":"Imprint | My Travel Journal-Blog","isPartOf":{"@id":"https:\/\/mytraveljournal-blog.com\/#website"},"primaryImageOfPage":{"@id":"https:\/\/mytraveljournal-blog.com\/imprint\/#primaryimage"},"image":{"@id":"https:\/\/mytraveljournal-blog.com\/imprint\/#primaryimage"},"thumbnailUrl":"https:\/\/i0.wp.com\/mytraveljournal-blog.com\/wp-content\/uploads\/2016\/07\/DSCN2531.jpg?fit=3648%2C2736&ssl=1","datePublished":"2016-07-15T11:57:13+00:00","dateModified":"2024-05-23T22:07:32+00:00","breadcrumb":{"@id":"https:\/\/mytraveljournal-blog.com\/imprint\/#breadcrumb"},"inLanguage":"de","potentialAction":[{"@type":"ReadAction","target":["https:\/\/mytraveljournal-blog.com\/imprint\/"]}]},{"@type":"ImageObject","inLanguage":"de","@id":"https:\/\/mytraveljournal-blog.com\/imprint\/#primaryimage","url":"https:\/\/i0.wp.com\/mytraveljournal-blog.com\/wp-content\/uploads\/2016\/07\/DSCN2531.jpg?fit=3648%2C2736&ssl=1","contentUrl":"https:\/\/i0.wp.com\/mytraveljournal-blog.com\/wp-content\/uploads\/2016\/07\/DSCN2531.jpg?fit=3648%2C2736&ssl=1","width":3648,"height":2736},{"@type":"BreadcrumbList","@id":"https:\/\/mytraveljournal-blog.com\/imprint\/#breadcrumb","itemListElement":[{"@type":"ListItem","position":1,"name":"Startseite","item":"https:\/\/mytraveljournal-blog.com\/"},{"@type":"ListItem","position":2,"name":"Imprint"}]},{"@type":"WebSite","@id":"https:\/\/mytraveljournal-blog.com\/#website","url":"https:\/\/mytraveljournal-blog.com\/","name":"My Travel Journal-Blog","description":"","publisher":{"@id":"https:\/\/mytraveljournal-blog.com\/#organization"},"potentialAction":[{"@type":"SearchAction","target":{"@type":"EntryPoint","urlTemplate":"https:\/\/mytraveljournal-blog.com\/?s={search_term_string}"},"query-input":{"@type":"PropertyValueSpecification","valueRequired":true,"valueName":"search_term_string"}}],"inLanguage":"de"},{"@type":"Organization","@id":"https:\/\/mytraveljournal-blog.com\/#organization","name":"My Travel Journal-Blog","url":"https:\/\/mytraveljournal-blog.com\/","logo":{"@type":"ImageObject","inLanguage":"de","@id":"https:\/\/mytraveljournal-blog.com\/#\/schema\/logo\/image\/","url":"https:\/\/mytraveljournal-blog.com\/wp-content\/uploads\/2016\/09\/cropped-papierflieger_faviconblau.bmp","contentUrl":"https:\/\/mytraveljournal-blog.com\/wp-content\/uploads\/2016\/09\/cropped-papierflieger_faviconblau.bmp","width":512,"height":512,"caption":"My Travel Journal-Blog"},"image":{"@id":"https:\/\/mytraveljournal-blog.com\/#\/schema\/logo\/image\/"},"sameAs":["https:\/\/www.facebook.com\/mytraveljournalblog\/","https:\/\/www.instagram.com\/mytraveljournalblog\/","https:\/\/www.pinterest.de\/mytraveljournalblog\/_saved\/","https:\/\/www.youtube.com\/channel\/UCKR8RQw_YtfmHaK3YEiLJwA"]}]}},"jetpack_sharing_enabled":true,"jetpack_shortlink":"https:\/\/wp.me\/PcQecO-7E","jetpack-related-posts":[],"_links":{"self":[{"href":"https:\/\/mytraveljournal-blog.com\/de\/wp-json\/wp\/v2\/pages\/474","targetHints":{"allow":["GET"]}}],"collection":[{"href":"https:\/\/mytraveljournal-blog.com\/de\/wp-json\/wp\/v2\/pages"}],"about":[{"href":"https:\/\/mytraveljournal-blog.com\/de\/wp-json\/wp\/v2\/types\/page"}],"author":[{"embeddable":true,"href":"https:\/\/mytraveljournal-blog.com\/de\/wp-json\/wp\/v2\/users\/1"}],"replies":[{"embeddable":true,"href":"https:\/\/mytraveljournal-blog.com\/de\/wp-json\/wp\/v2\/comments?post=474"}],"version-history":[{"count":9,"href":"https:\/\/mytraveljournal-blog.com\/de\/wp-json\/wp\/v2\/pages\/474\/revisions"}],"predecessor-version":[{"id":5240,"href":"https:\/\/mytraveljournal-blog.com\/de\/wp-json\/wp\/v2\/pages\/474\/revisions\/5240"}],"wp:featuredmedia":[{"embeddable":true,"href":"https:\/\/mytraveljournal-blog.com\/de\/wp-json\/wp\/v2\/media\/683"}],"wp:attachment":[{"href":"https:\/\/mytraveljournal-blog.com\/de\/wp-json\/wp\/v2\/media?parent=474"}],"curies":[{"name":"wp","href":"https:\/\/api.w.org\/{rel}","templated":true}]}}